{"id":13,"date":"2024-05-15T18:03:48","date_gmt":"2024-05-15T18:03:48","guid":{"rendered":"https:\/\/tutelalegalmariajh.org.sv\/?page_id=13"},"modified":"2024-10-15T17:42:57","modified_gmt":"2024-10-15T17:42:57","slug":"documentos","status":"publish","type":"page","link":"https:\/\/tutelalegalmariajh.org.sv\/?page_id=13","title":{"rendered":"Documentos"},"content":{"rendered":"\n<hr class=\"wp-block-separator has-alpha-channel-opacity\"\/>\n\n\n\n<blockquote class=\"wp-block-quote is-layout-flow wp-block-quote-is-layout-flow\">\n<p class=\"has-text-align-center has-black-color has-text-color has-link-color has-small-font-size wp-elements-39ce22276084a80741084991824b1368\" style=\"text-transform:uppercase\">INFORME DIAGN\u00d3STICO SOBRE LAS CAUSAS DE LA MIGRACI\u00d3N SALVADORE\u00d1A 2018-2022.<\/p>\n\n\n\n<p class=\"has-text-align-center has-black-color has-text-color has-link-color has-small-font-size wp-elements-a27c7ce703ce9b4b836e354de5111a5f\"><strong><a href=\"https:\/\/drive.google.com\/file\/d\/1-qKtDDczzF37mihzVmCICh9OPXzRpIGv\/view?usp=drive_link\">Enlace de descarga<\/a><\/strong><\/p>\n<\/blockquote>\n\n\n\n<p class=\"has-text-align-center has-small-font-size\"><strong>&#8220;<\/strong>Este trabajo plantea una actualizaci\u00f3n del contexto en el que se encuentran personas migrantes de origen salvadore\u00f1o en pa\u00edses de tr\u00e1nsito y destino, principalmente en M\u00e9xico y Estados Unidos. Analiza tambi\u00e9n, con base a datos disponibles, registros de detenciones y repatriaciones o deportaciones de personas migrantes salvadore\u00f1as, as\u00ed como el n\u00famero de solicitudes de refugio o asilo interpuestas por salvadore\u00f1os en otros pa\u00edses.<strong>&#8220;<\/strong><\/p>\n\n\n\n<hr class=\"wp-block-separator has-alpha-channel-opacity\"\/>\n\n\n\n<hr class=\"wp-block-separator has-alpha-channel-opacity\"\/>\n\n\n\n<blockquote class=\"wp-block-quote is-layout-flow wp-block-quote-is-layout-flow\">\n<p class=\"has-text-align-center has-black-color has-text-color has-link-color has-small-font-size wp-elements-1bcc554aeeee463368d5b5e94cd3b77b\" style=\"text-transform:uppercase\">Segundo informe diagnostico sobres caracter\u00edsticas y causas de la migraci\u00f3n salvadore\u00f1a 2018 \u2013 2023.<\/p>\n\n\n\n<p class=\"has-text-align-center has-black-color has-text-color has-link-color has-small-font-size wp-elements-1942390936e6b8e9cea724265180a91d\"><strong><a href=\"https:\/\/drive.google.com\/file\/d\/1YbEMcJ2jL7SoYZ7W4bpTWU4oAZ3RCdZ6\/view?usp=drive_link\">Enlace de descarga<\/a><\/strong><\/p>\n<\/blockquote>\n\n\n\n<p class=\"has-text-align-center has-small-font-size\"><strong>&#8220;<\/strong>Este es el segundo de tres informes programados como parte de la labor de la Asociaci\u00f3n de Derechos Humanos Tutela Legal \u201cDra. Mar\u00eda Julia Hern\u00e1ndez\u201d. Se trata de un esfuerzo de monitoreo y an\u00e1lisis sobre la migraci\u00f3n salvadore\u00f1a y su multicausalidad. El primer informe abarc\u00f3 el periodo 2018 al 2022 y fue publicado en septiembre 2023.<strong>&#8220;<\/strong><\/p>\n\n\n\n<hr class=\"wp-block-separator has-alpha-channel-opacity\"\/>\n\n\n\n<hr class=\"wp-block-separator has-alpha-channel-opacity\"\/>\n\n\n\n<blockquote class=\"wp-block-quote is-layout-flow wp-block-quote-is-layout-flow\">\n<p class=\"has-text-align-center has-black-color has-text-color has-link-color has-small-font-size wp-elements-8420b8788648e913303f9caa72001621\" style=\"text-transform:uppercase\">Comisi\u00f3n Interamericana de Derechos Humanos Informe Estado de excepci\u00f3n y derechos humanos en El Salvador 2024.<\/p>\n\n\n\n<p class=\"has-text-align-center has-black-color has-text-color has-link-color has-small-font-size wp-elements-f90b860f6c07fe6920be0dc43a2aafba\"><strong><a href=\"https:\/\/drive.google.com\/file\/d\/1YbAVJYvP9soIfU3gKzvPEpLfLYa6uWnH\/view?usp=sharing\">Enlace de descarga<\/a><\/strong><\/p>\n<\/blockquote>\n\n\n\n<p class=\"has-text-align-center has-small-font-size\"><strong>&#8220;<\/strong>El presente informe analiza el r\u00e9gimen de excepci\u00f3n decretado en marzo de 2022 en El Salvador y sus efectos en los derechos humanos. Este r\u00e9gimen, que permanece vigente a la fecha de aprobaci\u00f3n del presente documento, fue decretado tras una ola de violencia que culmin\u00f3 en al menos 92 muertes, entre los d\u00edas 24 y 27 de marzo de 2022.<strong>&#8220;<\/strong><\/p>\n\n\n\n<hr class=\"wp-block-separator has-alpha-channel-opacity\"\/>\n\n\n\n<hr class=\"wp-block-separator has-alpha-channel-opacity\"\/>\n","protected":false},"excerpt":{"rendered":"<p>INFORME DIAGN\u00d3STICO SOBRE LAS CAUSAS DE LA MIGRACI\u00d3N SALVADORE\u00d1A 2018-2022. Enlace de descarga &#8220;Este trabajo plantea una actualizaci\u00f3n del contexto en el que se encuentran personas migrantes de origen salvadore\u00f1o en pa\u00edses de tr\u00e1nsito y destino, principalmente en M\u00e9xico y Estados Unidos. Analiza tambi\u00e9n, con base a datos disponibles, registros de detenciones y repatriaciones o [&hellip;]<\/p>\n","protected":false},"author":1,"featured_media":0,"parent":0,"menu_order":0,"comment_status":"closed","ping_status":"closed","template":"","meta":{"footnotes":""},"class_list":["post-13","page","type-page","status-publish","hentry"],"_links":{"self":[{"href":"https:\/\/tutelalegalmariajh.org.sv\/index.php?rest_route=\/wp\/v2\/pages\/13","targetHints":{"allow":["GET"]}}],"collection":[{"href":"https:\/\/tutelalegalmariajh.org.sv\/index.php?rest_route=\/wp\/v2\/pages"}],"about":[{"href":"https:\/\/tutelalegalmariajh.org.sv\/index.php?rest_route=\/wp\/v2\/types\/page"}],"author":[{"embeddable":true,"href":"https:\/\/tutelalegalmariajh.org.sv\/index.php?rest_route=\/wp\/v2\/users\/1"}],"replies":[{"embeddable":true,"href":"https:\/\/tutelalegalmariajh.org.sv\/index.php?rest_route=%2Fwp%2Fv2%2Fcomments&post=13"}],"version-history":[{"count":2,"href":"https:\/\/tutelalegalmariajh.org.sv\/index.php?rest_route=\/wp\/v2\/pages\/13\/revisions"}],"predecessor-version":[{"id":253,"href":"https:\/\/tutelalegalmariajh.org.sv\/index.php?rest_route=\/wp\/v2\/pages\/13\/revisions\/253"}],"wp:attachment":[{"href":"https:\/\/tutelalegalmariajh.org.sv\/index.php?rest_route=%2Fwp%2Fv2%2Fmedia&parent=13"}],"curies":[{"name":"wp","href":"https:\/\/api.w.org\/{rel}","templated":true}]}}