{"id":19,"date":"2024-05-15T18:06:14","date_gmt":"2024-05-15T18:06:14","guid":{"rendered":"https:\/\/tutelalegalmariajh.org.sv\/?page_id=19"},"modified":"2024-09-11T17:28:50","modified_gmt":"2024-09-11T17:28:50","slug":"quienes-somos","status":"publish","type":"page","link":"https:\/\/tutelalegalmariajh.org.sv\/?page_id=19","title":{"rendered":"\u00bfQui\u00e9nes Somos?"},"content":{"rendered":"\n<figure class=\"wp-block-embed aligncenter is-type-video is-provider-youtube wp-block-embed-youtube wp-embed-aspect-16-9 wp-has-aspect-ratio\"><div class=\"wp-block-embed__wrapper\">\n<iframe loading=\"lazy\" title=\"V\u00eddeo Tutela Legal &quot;Mar\u00eda Julia Hern\u00e1ndez&quot;\" width=\"640\" height=\"360\" src=\"https:\/\/www.youtube.com\/embed\/_ZXXuNu1Ymg?feature=oembed\" frameborder=\"0\" allow=\"accelerometer; autoplay; clipboard-write; encrypted-media; gyroscope; picture-in-picture; web-share\" referrerpolicy=\"strict-origin-when-cross-origin\" allowfullscreen><\/iframe>\n<\/div><\/figure>\n\n\n\n<p><strong>MISI\u00d3N<\/strong><\/p>\n\n\n\n<blockquote class=\"wp-block-quote is-layout-flow wp-block-quote-is-layout-flow\">\n<p>Velar por el pleno cumplimiento y goce de los derechos humanos desde un enfoque<br>inclusivo e igualitario, a trav\u00e9s de acciones de defensa, acompa\u00f1amiento,<br>educaci\u00f3n, incidencia y seguimiento, a fin de lograr en la sociedad salvadore\u00f1a<br>verdad, justicia y una cultura de paz.<\/p>\n<\/blockquote>\n\n\n\n<hr class=\"wp-block-separator has-alpha-channel-opacity\"\/>\n\n\n\n<p><strong>VISI\u00d3N<\/strong><\/p>\n\n\n\n<blockquote class=\"wp-block-quote is-layout-flow wp-block-quote-is-layout-flow\">\n<p>Ser una organizaci\u00f3n referente en la promoci\u00f3n y protecci\u00f3n de los derechos<br>humanos con enfoque de g\u00e9nero e inclusi\u00f3n social, que acompa\u00f1e y represente a<br>las personas v\u00edctimas, en la b\u00fasqueda permanente de la verdad y la justicia de las<br>violaciones de derechos humanos.<\/p>\n<\/blockquote>\n","protected":false},"excerpt":{"rendered":"<p>MISI\u00d3N Velar por el pleno cumplimiento y goce de los derechos humanos desde un enfoqueinclusivo e igualitario, a trav\u00e9s de acciones de defensa, acompa\u00f1amiento,educaci\u00f3n, incidencia y seguimiento, a fin de lograr en la sociedad salvadore\u00f1averdad, justicia y una cultura de paz. VISI\u00d3N Ser una organizaci\u00f3n referente en la promoci\u00f3n y protecci\u00f3n de los derechoshumanos con [&hellip;]<\/p>\n","protected":false},"author":1,"featured_media":0,"parent":0,"menu_order":0,"comment_status":"closed","ping_status":"closed","template":"","meta":{"footnotes":""},"class_list":["post-19","page","type-page","status-publish","hentry"],"_links":{"self":[{"href":"https:\/\/tutelalegalmariajh.org.sv\/index.php?rest_route=\/wp\/v2\/pages\/19","targetHints":{"allow":["GET"]}}],"collection":[{"href":"https:\/\/tutelalegalmariajh.org.sv\/index.php?rest_route=\/wp\/v2\/pages"}],"about":[{"href":"https:\/\/tutelalegalmariajh.org.sv\/index.php?rest_route=\/wp\/v2\/types\/page"}],"author":[{"embeddable":true,"href":"https:\/\/tutelalegalmariajh.org.sv\/index.php?rest_route=\/wp\/v2\/users\/1"}],"replies":[{"embeddable":true,"href":"https:\/\/tutelalegalmariajh.org.sv\/index.php?rest_route=%2Fwp%2Fv2%2Fcomments&post=19"}],"version-history":[{"count":2,"href":"https:\/\/tutelalegalmariajh.org.sv\/index.php?rest_route=\/wp\/v2\/pages\/19\/revisions"}],"predecessor-version":[{"id":202,"href":"https:\/\/tutelalegalmariajh.org.sv\/index.php?rest_route=\/wp\/v2\/pages\/19\/revisions\/202"}],"wp:attachment":[{"href":"https:\/\/tutelalegalmariajh.org.sv\/index.php?rest_route=%2Fwp%2Fv2%2Fmedia&parent=19"}],"curies":[{"name":"wp","href":"https:\/\/api.w.org\/{rel}","templated":true}]}}