{"id":2,"date":"2024-05-13T21:07:05","date_gmt":"2024-05-13T21:07:05","guid":{"rendered":"http:\/\/tutelalegalmariajh.org.sv\/?page_id=2"},"modified":"2024-10-07T21:11:57","modified_gmt":"2024-10-07T21:11:57","slug":"sample-page","status":"publish","type":"page","link":"https:\/\/tutelalegalmariajh.org.sv\/?page_id=2","title":{"rendered":"Bolet\u00edn"},"content":{"rendered":"\n<div class=\"wp-block-group has-border-background-color has-background is-nowrap is-layout-flex wp-container-core-group-is-layout-ad2f72ca wp-block-group-is-layout-flex\">\n<figure class=\"wp-block-image size-full is-resized\"><img loading=\"lazy\" decoding=\"async\" width=\"940\" height=\"788\" src=\"https:\/\/tutelalegalmariajh.org.sv\/wp-content\/uploads\/2024\/05\/dec.png\" alt=\"\" class=\"wp-image-89\" style=\"width:274px\" srcset=\"https:\/\/tutelalegalmariajh.org.sv\/wp-content\/uploads\/2024\/05\/dec.png 940w, https:\/\/tutelalegalmariajh.org.sv\/wp-content\/uploads\/2024\/05\/dec-300x251.png 300w, https:\/\/tutelalegalmariajh.org.sv\/wp-content\/uploads\/2024\/05\/dec-768x644.png 768w\" sizes=\"auto, (max-width: 940px) 100vw, 940px\" \/><\/figure>\n\n\n\n<p><strong><a href=\"https:\/\/tutelalegalmariajh.org.sv\/?p=82\">Bolet\u00edn informativo sobre migraci\u00f3n y derechos humanos Diciembre 2023.<\/a><\/strong><\/p>\n<\/div>\n\n\n\n<hr class=\"wp-block-separator has-alpha-channel-opacity\"\/>\n\n\n\n<div class=\"wp-block-group has-tertiary-background-color has-background is-nowrap is-layout-flex wp-container-core-group-is-layout-ad2f72ca wp-block-group-is-layout-flex\">\n<p><strong><a href=\"https:\/\/tutelalegalmariajh.org.sv\/?p=71\">Bolet\u00edn informativo sobre migraci\u00f3n y derechos humanos Enero 2024.<\/a><\/strong><\/p>\n\n\n\n<figure class=\"wp-block-image size-full is-resized\"><img loading=\"lazy\" decoding=\"async\" width=\"940\" height=\"788\" src=\"https:\/\/tutelalegalmariajh.org.sv\/wp-content\/uploads\/2024\/05\/Enero2.png\" alt=\"\" class=\"wp-image-75\" style=\"width:274px\" srcset=\"https:\/\/tutelalegalmariajh.org.sv\/wp-content\/uploads\/2024\/05\/Enero2.png 940w, https:\/\/tutelalegalmariajh.org.sv\/wp-content\/uploads\/2024\/05\/Enero2-300x251.png 300w, https:\/\/tutelalegalmariajh.org.sv\/wp-content\/uploads\/2024\/05\/Enero2-768x644.png 768w\" sizes=\"auto, (max-width: 940px) 100vw, 940px\" \/><\/figure>\n<\/div>\n\n\n\n<hr class=\"wp-block-separator has-alpha-channel-opacity\"\/>\n\n\n\n<div class=\"wp-block-group has-border-background-color has-background is-horizontal is-nowrap is-layout-flex wp-container-core-group-is-layout-41b81202 wp-block-group-is-layout-flex\">\n<figure class=\"wp-block-image size-full is-resized\"><img loading=\"lazy\" decoding=\"async\" width=\"940\" height=\"788\" src=\"https:\/\/tutelalegalmariajh.org.sv\/wp-content\/uploads\/2024\/05\/febrero-2.png\" alt=\"\" class=\"wp-image-66\" style=\"width:274px;height:auto\" srcset=\"https:\/\/tutelalegalmariajh.org.sv\/wp-content\/uploads\/2024\/05\/febrero-2.png 940w, https:\/\/tutelalegalmariajh.org.sv\/wp-content\/uploads\/2024\/05\/febrero-2-300x251.png 300w, https:\/\/tutelalegalmariajh.org.sv\/wp-content\/uploads\/2024\/05\/febrero-2-768x644.png 768w\" sizes=\"auto, (max-width: 940px) 100vw, 940px\" \/><\/figure>\n\n\n\n<p><strong><a href=\"https:\/\/tutelalegalmariajh.org.sv\/?p=61\">Bolet\u00edn informativo sobre migraci\u00f3n y derechos humanos Febrero 2024.<\/a><\/strong><\/p>\n<\/div>\n\n\n\n<hr class=\"wp-block-separator has-alpha-channel-opacity\"\/>\n\n\n\n<div class=\"wp-block-group has-tertiary-background-color has-background is-content-justification-left is-nowrap is-layout-flex wp-container-core-group-is-layout-f56a869c wp-block-group-is-layout-flex\">\n<p><a href=\"https:\/\/tutelalegalmariajh.org.sv\/?p=43\"><strong>Bolet\u00edn informativo sobre migraci\u00f3n y derechos humanos Marzo 2024<\/strong>.<\/a><\/p>\n\n\n\n<figure class=\"wp-block-image size-large is-resized\"><img loading=\"lazy\" decoding=\"async\" width=\"1024\" height=\"727\" src=\"https:\/\/tutelalegalmariajh.org.sv\/wp-content\/uploads\/2024\/05\/marzo-1024x727.png\" alt=\"\" class=\"wp-image-48\" style=\"width:274px\" srcset=\"https:\/\/tutelalegalmariajh.org.sv\/wp-content\/uploads\/2024\/05\/marzo-1024x727.png 1024w, https:\/\/tutelalegalmariajh.org.sv\/wp-content\/uploads\/2024\/05\/marzo-300x213.png 300w, https:\/\/tutelalegalmariajh.org.sv\/wp-content\/uploads\/2024\/05\/marzo-768x545.png 768w, https:\/\/tutelalegalmariajh.org.sv\/wp-content\/uploads\/2024\/05\/marzo.png 1048w\" sizes=\"auto, (max-width: 1024px) 100vw, 1024px\" \/><\/figure>\n<\/div>\n\n\n\n<hr class=\"wp-block-separator has-alpha-channel-opacity\"\/>\n\n\n\n<div class=\"wp-block-group has-border-background-color has-background is-nowrap is-layout-flex wp-container-core-group-is-layout-ad2f72ca wp-block-group-is-layout-flex\">\n<figure class=\"wp-block-image size-full is-resized\"><img loading=\"lazy\" decoding=\"async\" width=\"890\" height=\"573\" src=\"https:\/\/tutelalegalmariajh.org.sv\/wp-content\/uploads\/2024\/05\/Abril-2024-1.png\" alt=\"\" class=\"wp-image-42\" style=\"width:280px;height:auto\" srcset=\"https:\/\/tutelalegalmariajh.org.sv\/wp-content\/uploads\/2024\/05\/Abril-2024-1.png 890w, https:\/\/tutelalegalmariajh.org.sv\/wp-content\/uploads\/2024\/05\/Abril-2024-1-300x193.png 300w, https:\/\/tutelalegalmariajh.org.sv\/wp-content\/uploads\/2024\/05\/Abril-2024-1-768x494.png 768w\" sizes=\"auto, (max-width: 890px) 100vw, 890px\" \/><\/figure>\n\n\n\n<p><strong><a href=\"https:\/\/tutelalegalmariajh.org.sv\/?p=35\">Bolet\u00edn informativo sobre migraci\u00f3n y derechos humanos Abril 2024<\/a>.<\/strong><\/p>\n<\/div>\n\n\n\n<hr class=\"wp-block-separator has-alpha-channel-opacity\"\/>\n\n\n\n<div class=\"wp-block-group has-tertiary-background-color has-background is-nowrap is-layout-flex wp-container-core-group-is-layout-ad2f72ca wp-block-group-is-layout-flex\">\n<p><strong><a href=\"https:\/\/tutelalegalmariajh.org.sv\/?p=105\">Bolet\u00edn informativo sobre migraci\u00f3n y derechos humanos Mayo 2024.<\/a><\/strong><\/p>\n\n\n\n<figure class=\"wp-block-image size-full is-resized\"><img loading=\"lazy\" decoding=\"async\" width=\"940\" height=\"788\" src=\"https:\/\/tutelalegalmariajh.org.sv\/wp-content\/uploads\/2024\/06\/mayo.png\" alt=\"\" class=\"wp-image-109\" style=\"width:260px;height:auto\" srcset=\"https:\/\/tutelalegalmariajh.org.sv\/wp-content\/uploads\/2024\/06\/mayo.png 940w, https:\/\/tutelalegalmariajh.org.sv\/wp-content\/uploads\/2024\/06\/mayo-300x251.png 300w, https:\/\/tutelalegalmariajh.org.sv\/wp-content\/uploads\/2024\/06\/mayo-768x644.png 768w\" sizes=\"auto, (max-width: 940px) 100vw, 940px\" \/><\/figure>\n<\/div>\n\n\n\n<hr class=\"wp-block-separator has-alpha-channel-opacity\"\/>\n\n\n\n<div class=\"wp-block-group has-border-background-color has-background is-nowrap is-layout-flex wp-container-core-group-is-layout-ad2f72ca wp-block-group-is-layout-flex\">\n<figure class=\"wp-block-image size-full is-resized\"><img loading=\"lazy\" decoding=\"async\" width=\"702\" height=\"630\" src=\"https:\/\/tutelalegalmariajh.org.sv\/wp-content\/uploads\/2024\/07\/junio-2024.png\" alt=\"\" class=\"wp-image-117\" style=\"width:260px\" srcset=\"https:\/\/tutelalegalmariajh.org.sv\/wp-content\/uploads\/2024\/07\/junio-2024.png 702w, https:\/\/tutelalegalmariajh.org.sv\/wp-content\/uploads\/2024\/07\/junio-2024-300x269.png 300w\" sizes=\"auto, (max-width: 702px) 100vw, 702px\" \/><\/figure>\n\n\n\n<p><strong><a href=\"https:\/\/tutelalegalmariajh.org.sv\/?p=113\">Bolet\u00edn informativo sobre migraci\u00f3n y derechos humanos Junio 2024.<\/a><\/strong><\/p>\n<\/div>\n\n\n\n<hr class=\"wp-block-separator has-alpha-channel-opacity\"\/>\n\n\n\n<div class=\"wp-block-group has-tertiary-background-color has-background is-vertical is-content-justification-stretch is-layout-flex wp-container-core-group-is-layout-b16ad781 wp-block-group-is-layout-flex\">\n<div class=\"wp-block-columns is-layout-flex wp-container-core-columns-is-layout-9d6595d7 wp-block-columns-is-layout-flex\">\n<div class=\"wp-block-column is-layout-flow wp-block-column-is-layout-flow\" style=\"flex-basis:100%\">\n<div class=\"wp-block-group is-nowrap is-layout-flex wp-container-core-group-is-layout-ad2f72ca wp-block-group-is-layout-flex\">\n<p><strong><a href=\"https:\/\/tutelalegalmariajh.org.sv\/?p=124\">Bolet\u00edn informativo sobre migraci\u00f3n y derechos humanos Julio 2024<\/a><\/strong>.<\/p>\n\n\n\n<figure class=\"wp-block-image size-full is-resized\"><img loading=\"lazy\" decoding=\"async\" width=\"940\" height=\"788\" src=\"https:\/\/tutelalegalmariajh.org.sv\/wp-content\/uploads\/2024\/05\/dec.png\" alt=\"\" class=\"wp-image-89\" style=\"width:260px\" srcset=\"https:\/\/tutelalegalmariajh.org.sv\/wp-content\/uploads\/2024\/05\/dec.png 940w, https:\/\/tutelalegalmariajh.org.sv\/wp-content\/uploads\/2024\/05\/dec-300x251.png 300w, https:\/\/tutelalegalmariajh.org.sv\/wp-content\/uploads\/2024\/05\/dec-768x644.png 768w\" sizes=\"auto, (max-width: 940px) 100vw, 940px\" \/><\/figure>\n<\/div>\n<\/div>\n<\/div>\n<\/div>\n\n\n\n<hr class=\"wp-block-separator has-alpha-channel-opacity\"\/>\n\n\n\n<div class=\"wp-block-buttons has-custom-font-size has-medium-font-size is-horizontal is-content-justification-center is-layout-flex wp-container-core-buttons-is-layout-499968f5 wp-block-buttons-is-layout-flex\" style=\"font-style:normal;font-weight:500;text-decoration:none;text-transform:lowercase\">\n<div class=\"wp-block-button is-style-outline is-style-outline--1\" style=\"text-transform:none\"><a class=\"wp-block-button__link has-black-color has-pale-ocean-gradient-background has-text-color has-background has-link-color wp-element-button\" href=\"https:\/\/tutelalegalmariajh.org.sv\/?p=223\" style=\"border-radius:18px\">Bolet\u00edn informativo sobre migraci\u00f3n y derechos humanos septiembre 2024.<img loading=\"lazy\" decoding=\"async\" width=\"150\" height=\"126\" class=\"wp-image-109\" style=\"width: 150px;\" src=\"https:\/\/tutelalegalmariajh.org.sv\/wp-content\/uploads\/2024\/06\/mayo.png\" alt=\"\" srcset=\"https:\/\/tutelalegalmariajh.org.sv\/wp-content\/uploads\/2024\/06\/mayo.png 940w, https:\/\/tutelalegalmariajh.org.sv\/wp-content\/uploads\/2024\/06\/mayo-300x251.png 300w, https:\/\/tutelalegalmariajh.org.sv\/wp-content\/uploads\/2024\/06\/mayo-768x644.png 768w\" sizes=\"auto, (max-width: 150px) 100vw, 150px\" \/><\/a><\/div>\n<\/div>\n\n\n\n<p><\/p>\n","protected":false},"excerpt":{"rendered":"<p>Bolet\u00edn informativo sobre migraci\u00f3n y derechos humanos Diciembre 2023. Bolet\u00edn informativo sobre migraci\u00f3n y derechos humanos Enero 2024. Bolet\u00edn informativo sobre migraci\u00f3n y derechos humanos Febrero 2024. Bolet\u00edn informativo sobre migraci\u00f3n y derechos humanos Marzo 2024. Bolet\u00edn informativo sobre migraci\u00f3n y derechos humanos Abril 2024. Bolet\u00edn informativo sobre migraci\u00f3n y derechos humanos Mayo 2024. Bolet\u00edn [&hellip;]<\/p>\n","protected":false},"author":1,"featured_media":0,"parent":0,"menu_order":0,"comment_status":"closed","ping_status":"open","template":"","meta":{"footnotes":""},"class_list":["post-2","page","type-page","status-publish","hentry"],"_links":{"self":[{"href":"https:\/\/tutelalegalmariajh.org.sv\/index.php?rest_route=\/wp\/v2\/pages\/2","targetHints":{"allow":["GET"]}}],"collection":[{"href":"https:\/\/tutelalegalmariajh.org.sv\/index.php?rest_route=\/wp\/v2\/pages"}],"about":[{"href":"https:\/\/tutelalegalmariajh.org.sv\/index.php?rest_route=\/wp\/v2\/types\/page"}],"author":[{"embeddable":true,"href":"https:\/\/tutelalegalmariajh.org.sv\/index.php?rest_route=\/wp\/v2\/users\/1"}],"replies":[{"embeddable":true,"href":"https:\/\/tutelalegalmariajh.org.sv\/index.php?rest_route=%2Fwp%2Fv2%2Fcomments&post=2"}],"version-history":[{"count":9,"href":"https:\/\/tutelalegalmariajh.org.sv\/index.php?rest_route=\/wp\/v2\/pages\/2\/revisions"}],"predecessor-version":[{"id":237,"href":"https:\/\/tutelalegalmariajh.org.sv\/index.php?rest_route=\/wp\/v2\/pages\/2\/revisions\/237"}],"wp:attachment":[{"href":"https:\/\/tutelalegalmariajh.org.sv\/index.php?rest_route=%2Fwp%2Fv2%2Fmedia&parent=2"}],"curies":[{"name":"wp","href":"https:\/\/api.w.org\/{rel}","templated":true}]}}