{"id":21,"date":"2024-05-15T18:07:52","date_gmt":"2024-05-15T18:07:52","guid":{"rendered":"https:\/\/tutelalegalmariajh.org.sv\/?page_id=21"},"modified":"2024-10-15T18:34:10","modified_gmt":"2024-10-15T18:34:10","slug":"noticias","status":"publish","type":"page","link":"https:\/\/tutelalegalmariajh.org.sv\/?page_id=21","title":{"rendered":"Noticias"},"content":{"rendered":"\n<div class=\"wp-block-group is-vertical is-content-justification-center is-layout-flex wp-container-core-group-is-layout-4b2eccd6 wp-block-group-is-layout-flex\">\n<blockquote class=\"twitter-tweet\"><p lang=\"es\" dir=\"ltr\">Conmemoramos nuestro aniversario como <a href=\"https:\/\/twitter.com\/TutelaLegalMJH?ref_src=twsrc%5Etfw\">@TutelaLegalMJH<\/a> un legado hist\u00f3rico que nos dej\u00f3 San Romero de Am\u00e9rica desde la creaci\u00f3n del Socorro Jur\u00eddico en 1977, con la Oficina del Arzobispado de 1982 con Mar\u00eda Julia Hern\u00e1ndez al frente y ahora como emblema de nuestra instituci\u00f3n. <a href=\"https:\/\/t.co\/AW7NExR7NT\">pic.twitter.com\/AW7NExR7NT<\/a><\/p>&mdash; Tutela Legal Mar\u00edaJH (@TutelaLegalMJH) <a href=\"https:\/\/twitter.com\/TutelaLegalMJH\/status\/1844418863674556920?ref_src=twsrc%5Etfw\">October 10, 2024<\/a><\/blockquote> <script async src=\"https:\/\/platform.twitter.com\/widgets.js\" charset=\"utf-8\"><\/script> \n\n\n\n<blockquote class=\"twitter-tweet\"><p lang=\"es\" dir=\"ltr\"><a href=\"https:\/\/twitter.com\/hashtag\/DDHH?src=hash&amp;ref_src=twsrc%5Etfw\">#DDHH<\/a> Como <a href=\"https:\/\/twitter.com\/TutelaLegalMJH?ref_src=twsrc%5Etfw\">@TutelaLegalMJH<\/a> reafirmamos nuestro compromiso en la construcci\u00f3n de una verdadera cultura de paz en nuestro pa\u00eds. Para ello, seguiremos brindando talleres y diplomados en promoci\u00f3n y defensa de los derechos humanos, migraci\u00f3n y medio ambiente en las juventudes. <a href=\"https:\/\/t.co\/HnfvsyjG2w\">pic.twitter.com\/HnfvsyjG2w<\/a><\/p>&mdash; Tutela Legal Mar\u00edaJH (@TutelaLegalMJH) <a href=\"https:\/\/twitter.com\/TutelaLegalMJH\/status\/1845945666448617682?ref_src=twsrc%5Etfw\">October 14, 2024<\/a><\/blockquote> <script async src=\"https:\/\/platform.twitter.com\/widgets.js\" charset=\"utf-8\"><\/script> \n<\/div>\n","protected":false},"excerpt":{"rendered":"<p>Conmemoramos nuestro aniversario como @TutelaLegalMJH un legado hist\u00f3rico que nos dej\u00f3 San Romero de Am\u00e9rica desde la creaci\u00f3n del Socorro Jur\u00eddico en 1977, con la Oficina del Arzobispado de 1982 con Mar\u00eda Julia Hern\u00e1ndez al frente y ahora como emblema de nuestra instituci\u00f3n. pic.twitter.com\/AW7NExR7NT &mdash; Tutela Legal Mar\u00edaJH (@TutelaLegalMJH) October 10, 2024 #DDHH Como @TutelaLegalMJH [&hellip;]<\/p>\n","protected":false},"author":1,"featured_media":0,"parent":0,"menu_order":0,"comment_status":"closed","ping_status":"closed","template":"","meta":{"footnotes":""},"class_list":["post-21","page","type-page","status-publish","hentry"],"_links":{"self":[{"href":"https:\/\/tutelalegalmariajh.org.sv\/index.php?rest_route=\/wp\/v2\/pages\/21","targetHints":{"allow":["GET"]}}],"collection":[{"href":"https:\/\/tutelalegalmariajh.org.sv\/index.php?rest_route=\/wp\/v2\/pages"}],"about":[{"href":"https:\/\/tutelalegalmariajh.org.sv\/index.php?rest_route=\/wp\/v2\/types\/page"}],"author":[{"embeddable":true,"href":"https:\/\/tutelalegalmariajh.org.sv\/index.php?rest_route=\/wp\/v2\/users\/1"}],"replies":[{"embeddable":true,"href":"https:\/\/tutelalegalmariajh.org.sv\/index.php?rest_route=%2Fwp%2Fv2%2Fcomments&post=21"}],"version-history":[{"count":2,"href":"https:\/\/tutelalegalmariajh.org.sv\/index.php?rest_route=\/wp\/v2\/pages\/21\/revisions"}],"predecessor-version":[{"id":255,"href":"https:\/\/tutelalegalmariajh.org.sv\/index.php?rest_route=\/wp\/v2\/pages\/21\/revisions\/255"}],"wp:attachment":[{"href":"https:\/\/tutelalegalmariajh.org.sv\/index.php?rest_route=%2Fwp%2Fv2%2Fmedia&parent=21"}],"curies":[{"name":"wp","href":"https:\/\/api.w.org\/{rel}","templated":true}]}}