{"id":23,"date":"2024-05-15T18:10:15","date_gmt":"2024-05-15T18:10:15","guid":{"rendered":"https:\/\/tutelalegalmariajh.org.sv\/?page_id=23"},"modified":"2024-09-06T18:08:37","modified_gmt":"2024-09-06T18:08:37","slug":"caso-baterias-record","status":"publish","type":"page","link":"https:\/\/tutelalegalmariajh.org.sv\/?page_id=23","title":{"rendered":"Caso Bater\u00edas Record"},"content":{"rendered":"\n<h2 class=\"wp-block-heading has-text-align-center\">Noticias caso Bater\u00edas Record<\/h2>\n\n\n\n<div class=\"wp-block-group has-vertical-tertiary-to-background-gradient-background has-background is-nowrap is-layout-flex wp-container-core-group-is-layout-ad2f72ca wp-block-group-is-layout-flex\">\n<figure class=\"wp-block-image size-medium is-resized\"><img loading=\"lazy\" decoding=\"async\" width=\"300\" height=\"268\" src=\"https:\/\/tutelalegalmariajh.org.sv\/wp-content\/uploads\/2024\/09\/baterias-record-300x268.jpg\" alt=\"\" class=\"wp-image-172\" style=\"width:291px;height:auto\" srcset=\"https:\/\/tutelalegalmariajh.org.sv\/wp-content\/uploads\/2024\/09\/baterias-record-300x268.jpg 300w, https:\/\/tutelalegalmariajh.org.sv\/wp-content\/uploads\/2024\/09\/baterias-record-1024x914.jpg 1024w, https:\/\/tutelalegalmariajh.org.sv\/wp-content\/uploads\/2024\/09\/baterias-record-768x686.jpg 768w, https:\/\/tutelalegalmariajh.org.sv\/wp-content\/uploads\/2024\/09\/baterias-record.jpg 1080w\" sizes=\"auto, (max-width: 300px) 100vw, 300px\" \/><\/figure>\n\n\n\n<p><strong><a href=\"https:\/\/tutelalegalmariajh.org.sv\/?p=171\">CIDH emite un informe por violaciones a derechos humanos e impunidad de 25 a\u00f1os del caso Bater\u00edas R\u00e9cord.<\/a><\/strong><\/p>\n<\/div>\n","protected":false},"excerpt":{"rendered":"<p>Noticias caso Bater\u00edas Record CIDH emite un informe por violaciones a derechos humanos e impunidad de 25 a\u00f1os del caso Bater\u00edas R\u00e9cord.<\/p>\n","protected":false},"author":1,"featured_media":0,"parent":21,"menu_order":0,"comment_status":"closed","ping_status":"closed","template":"","meta":{"footnotes":""},"class_list":["post-23","page","type-page","status-publish","hentry"],"_links":{"self":[{"href":"https:\/\/tutelalegalmariajh.org.sv\/index.php?rest_route=\/wp\/v2\/pages\/23","targetHints":{"allow":["GET"]}}],"collection":[{"href":"https:\/\/tutelalegalmariajh.org.sv\/index.php?rest_route=\/wp\/v2\/pages"}],"about":[{"href":"https:\/\/tutelalegalmariajh.org.sv\/index.php?rest_route=\/wp\/v2\/types\/page"}],"author":[{"embeddable":true,"href":"https:\/\/tutelalegalmariajh.org.sv\/index.php?rest_route=\/wp\/v2\/users\/1"}],"replies":[{"embeddable":true,"href":"https:\/\/tutelalegalmariajh.org.sv\/index.php?rest_route=%2Fwp%2Fv2%2Fcomments&post=23"}],"version-history":[{"count":2,"href":"https:\/\/tutelalegalmariajh.org.sv\/index.php?rest_route=\/wp\/v2\/pages\/23\/revisions"}],"predecessor-version":[{"id":175,"href":"https:\/\/tutelalegalmariajh.org.sv\/index.php?rest_route=\/wp\/v2\/pages\/23\/revisions\/175"}],"up":[{"embeddable":true,"href":"https:\/\/tutelalegalmariajh.org.sv\/index.php?rest_route=\/wp\/v2\/pages\/21"}],"wp:attachment":[{"href":"https:\/\/tutelalegalmariajh.org.sv\/index.php?rest_route=%2Fwp%2Fv2%2Fmedia&parent=23"}],"curies":[{"name":"wp","href":"https:\/\/api.w.org\/{rel}","templated":true}]}}