{"id":25,"date":"2024-05-15T18:12:36","date_gmt":"2024-05-15T18:12:36","guid":{"rendered":"https:\/\/tutelalegalmariajh.org.sv\/?page_id=25"},"modified":"2024-09-06T17:22:07","modified_gmt":"2024-09-06T17:22:07","slug":"caso-el-mozote","status":"publish","type":"page","link":"https:\/\/tutelalegalmariajh.org.sv\/?page_id=25","title":{"rendered":"Caso El Mozote"},"content":{"rendered":"\n<p class=\"has-text-align-center has-slider-title-font-size\"><strong>Noticias Caso El Mozote.<\/strong><\/p>\n\n\n\n<hr class=\"wp-block-separator has-alpha-channel-opacity\"\/>\n\n\n\n<div class=\"wp-block-group has-background is-horizontal is-content-justification-left is-nowrap is-layout-flex wp-container-core-group-is-layout-0745920e wp-block-group-is-layout-flex\" style=\"background:linear-gradient(135deg,rgb(238,238,238) 35%,rgb(169,184,195) 100%);margin-top:0;margin-bottom:0;padding-top:var(--wp--preset--spacing--30);padding-right:var(--wp--preset--spacing--30);padding-bottom:var(--wp--preset--spacing--30);padding-left:var(--wp--preset--spacing--30)\">\n<figure class=\"wp-block-image alignwide size-large\"><img loading=\"lazy\" decoding=\"async\" width=\"1024\" height=\"768\" src=\"https:\/\/tutelalegalmariajh.org.sv\/wp-content\/uploads\/2024\/09\/planta-de-agua-mozote-1024x768.jpg\" alt=\"\" class=\"wp-image-134\" srcset=\"https:\/\/tutelalegalmariajh.org.sv\/wp-content\/uploads\/2024\/09\/planta-de-agua-mozote-1024x768.jpg 1024w, https:\/\/tutelalegalmariajh.org.sv\/wp-content\/uploads\/2024\/09\/planta-de-agua-mozote-300x225.jpg 300w, https:\/\/tutelalegalmariajh.org.sv\/wp-content\/uploads\/2024\/09\/planta-de-agua-mozote-768x576.jpg 768w, https:\/\/tutelalegalmariajh.org.sv\/wp-content\/uploads\/2024\/09\/planta-de-agua-mozote.jpg 1156w\" sizes=\"auto, (max-width: 1024px) 100vw, 1024px\" \/><\/figure>\n\n\n\n<p><strong>L<a href=\"https:\/\/tutelalegalmariajh.org.sv\/?p=133\">a construcci\u00f3n ilegal e inconsulta de una planta procesadora de aguas residuales en El Mozote atenta contra el medio ambiente y el cumplimiento de la resoluci\u00f3n de la Corte Interamericana.<\/a><\/strong><\/p>\n<\/div>\n\n\n\n<hr class=\"wp-block-separator has-alpha-channel-opacity\"\/>\n\n\n\n<div class=\"wp-block-group has-vertical-tertiary-to-background-gradient-background has-background is-nowrap is-layout-flex wp-container-core-group-is-layout-ad2f72ca wp-block-group-is-layout-flex\">\n<p><strong><a href=\"https:\/\/tutelalegalmariajh.org.sv\/?p=153\">El Mozote: 42 A\u00f1os de Impunidad para Familiares Y V\u00edctimas.<\/a><\/strong><\/p>\n\n\n\n<figure class=\"wp-block-image size-large is-resized\"><img loading=\"lazy\" decoding=\"async\" width=\"1024\" height=\"768\" src=\"https:\/\/tutelalegalmariajh.org.sv\/wp-content\/uploads\/2024\/09\/Mozote-1-1024x768.jpg\" alt=\"\" class=\"wp-image-156\" style=\"width:279px;height:auto\" srcset=\"https:\/\/tutelalegalmariajh.org.sv\/wp-content\/uploads\/2024\/09\/Mozote-1-1024x768.jpg 1024w, https:\/\/tutelalegalmariajh.org.sv\/wp-content\/uploads\/2024\/09\/Mozote-1-300x225.jpg 300w, https:\/\/tutelalegalmariajh.org.sv\/wp-content\/uploads\/2024\/09\/Mozote-1-768x576.jpg 768w, https:\/\/tutelalegalmariajh.org.sv\/wp-content\/uploads\/2024\/09\/Mozote-1.jpg 1156w\" sizes=\"auto, (max-width: 1024px) 100vw, 1024px\" \/><\/figure>\n<\/div>\n","protected":false},"excerpt":{"rendered":"<p>Noticias Caso El Mozote. La construcci\u00f3n ilegal e inconsulta de una planta procesadora de aguas residuales en El Mozote atenta contra el medio ambiente y el cumplimiento de la resoluci\u00f3n de la Corte Interamericana. El Mozote: 42 A\u00f1os de Impunidad para Familiares Y V\u00edctimas.<\/p>\n","protected":false},"author":1,"featured_media":0,"parent":21,"menu_order":0,"comment_status":"closed","ping_status":"closed","template":"","meta":{"footnotes":""},"class_list":["post-25","page","type-page","status-publish","hentry"],"_links":{"self":[{"href":"https:\/\/tutelalegalmariajh.org.sv\/index.php?rest_route=\/wp\/v2\/pages\/25","targetHints":{"allow":["GET"]}}],"collection":[{"href":"https:\/\/tutelalegalmariajh.org.sv\/index.php?rest_route=\/wp\/v2\/pages"}],"about":[{"href":"https:\/\/tutelalegalmariajh.org.sv\/index.php?rest_route=\/wp\/v2\/types\/page"}],"author":[{"embeddable":true,"href":"https:\/\/tutelalegalmariajh.org.sv\/index.php?rest_route=\/wp\/v2\/users\/1"}],"replies":[{"embeddable":true,"href":"https:\/\/tutelalegalmariajh.org.sv\/index.php?rest_route=%2Fwp%2Fv2%2Fcomments&post=25"}],"version-history":[{"count":3,"href":"https:\/\/tutelalegalmariajh.org.sv\/index.php?rest_route=\/wp\/v2\/pages\/25\/revisions"}],"predecessor-version":[{"id":161,"href":"https:\/\/tutelalegalmariajh.org.sv\/index.php?rest_route=\/wp\/v2\/pages\/25\/revisions\/161"}],"up":[{"embeddable":true,"href":"https:\/\/tutelalegalmariajh.org.sv\/index.php?rest_route=\/wp\/v2\/pages\/21"}],"wp:attachment":[{"href":"https:\/\/tutelalegalmariajh.org.sv\/index.php?rest_route=%2Fwp%2Fv2%2Fmedia&parent=25"}],"curies":[{"name":"wp","href":"https:\/\/api.w.org\/{rel}","templated":true}]}}